{"id":1219,"date":"2023-10-16T17:18:19","date_gmt":"2023-10-16T17:18:19","guid":{"rendered":"https:\/\/hrmsolutions.se\/?page_id=1219"},"modified":"2023-10-16T17:22:37","modified_gmt":"2023-10-16T17:22:37","slug":"audit","status":"publish","type":"page","link":"https:\/\/hrmsolutions.se\/en\/audit\/","title":{"rendered":"Audit"},"content":{"rendered":"<div data-elementor-type=\"wp-page\" data-elementor-id=\"1219\" class=\"elementor elementor-1219\">\n\t\t\t\t<div class=\"elementor-element elementor-element-03164db e-flex e-con-boxed e-con e-parent\" data-id=\"03164db\" data-element_type=\"container\" data-e-type=\"container\" data-settings=\"{&quot;background_background&quot;:&quot;classic&quot;}\">\n\t\t\t\t\t<div class=\"e-con-inner\">\n\t\t<div class=\"elementor-element elementor-element-6beedda e-con-full e-flex e-con e-child\" data-id=\"6beedda\" data-element_type=\"container\" data-e-type=\"container\">\n\t\t\t\t<div class=\"elementor-element elementor-element-35bb9eb elementor-widget elementor-widget-heading\" data-id=\"35bb9eb\" data-element_type=\"widget\" data-e-type=\"widget\" data-widget_type=\"heading.default\">\n\t\t\t\t<div class=\"elementor-widget-container\">\n\t\t\t\t\t<h1 class=\"elementor-heading-title elementor-size-default\">Audit<\/h1>\t\t\t\t<\/div>\n\t\t\t\t<\/div>\n\t\t\t\t<\/div>\n\t\t\t\t\t<\/div>\n\t\t\t\t<\/div>\n\t\t<div class=\"elementor-element elementor-element-74b3027 e-flex e-con-boxed e-con e-parent\" data-id=\"74b3027\" data-element_type=\"container\" data-e-type=\"container\" data-settings=\"{&quot;background_background&quot;:&quot;classic&quot;}\">\n\t\t\t\t\t<div class=\"e-con-inner\">\n\t\t<div class=\"elementor-element elementor-element-a872cef e-con-full e-flex e-con e-child\" data-id=\"a872cef\" data-element_type=\"container\" data-e-type=\"container\">\n\t\t<div class=\"elementor-element elementor-element-a13326f e-con-full e-flex e-con e-child\" data-id=\"a13326f\" data-element_type=\"container\" data-e-type=\"container\">\n\t\t<div class=\"elementor-element elementor-element-59e43ca e-con-full e-flex e-con e-child\" data-id=\"59e43ca\" data-element_type=\"container\" data-e-type=\"container\">\n\t\t\t\t<div class=\"elementor-element elementor-element-c395bab elementor-widget elementor-widget-text-editor\" data-id=\"c395bab\" data-element_type=\"widget\" data-e-type=\"widget\" data-widget_type=\"text-editor.default\">\n\t\t\t\t<div class=\"elementor-widget-container\">\n\t\t\t\t\t\t\t\t\t<p>A well-organized, effective HR function is a key parameter in helping a company or organization achieve its performance targets. Are your HR processes effective and efficient and do they accomplish what they are intended to do?<\/p><p>An HR audit is a systematic way of reviewing your HR function, processes, procedures, strategy and priorities. It is a smart way to ensure that your HR function is aligned with the company\u2019s business concept, vision and goals. In other words, are you successful at attracting and retaining the best employees? Is your benefits package and policy consistent with your business objectives in relation to performance and cost-efficiency? Do you get the desired return on invested human capital?<\/p><p>An HR audit can lay the foundation for a plan of action including activities with which you can develop your HR function in the short- and long-term. From time to time, it may be of value to bring in an independent external consultant due to time constraints and to assure the quality of your HR function.<\/p>\t\t\t\t\t\t\t\t<\/div>\n\t\t\t\t<\/div>\n\t\t\t\t<\/div>\n\t\t\t\t<\/div>\n\t\t\t\t<div class=\"elementor-element elementor-element-fd58414 elementor-widget elementor-widget-heading\" data-id=\"fd58414\" data-element_type=\"widget\" data-e-type=\"widget\" data-widget_type=\"heading.default\">\n\t\t\t\t<div class=\"elementor-widget-container\">\n\t\t\t\t\t<h4 class=\"elementor-heading-title elementor-size-default\">hrm solutions<\/h4>\t\t\t\t<\/div>\n\t\t\t\t<\/div>\n\t\t\t\t<div class=\"elementor-element elementor-element-1703ffc elementor-widget elementor-widget-text-editor\" data-id=\"1703ffc\" data-element_type=\"widget\" data-e-type=\"widget\" data-widget_type=\"text-editor.default\">\n\t\t\t\t<div class=\"elementor-widget-container\">\n\t\t\t\t\t\t\t\t\t<ul><li>Reviews and monitors that the company\u2019s HR procedures, processes and other HR related policies are attractive and competitive in relation to the company\u2019s business objectives as well in relation to cost and benefit. We can also review employment contracts and other conditions related to the application procedure and other longer-term activities such as bonus and benefits policies or recruitment strategies.<\/li><li>Offers support in carrying out due diligence in conjunction with mergers and acquisitions. In such cases, we conduct a thorough review and scrutiny of the potential object\u2019s human capital, providing valuable support in the decision to go ahead with the acquisition\/merger or not.<\/li><\/ul>\t\t\t\t\t\t\t\t<\/div>\n\t\t\t\t<\/div>\n\t\t\t\t<\/div>\n\t\t\t\t\t<\/div>\n\t\t\t\t<\/div>\n\t\t\t\t<\/div>","protected":false},"excerpt":{"rendered":"<p>Audit En v\u00e4lfungerande och effektiv HR funktion p\u00e5 ett f\u00f6retag eller organisation \u00e4r en f\u00f6ruts\u00e4ttning f\u00f6r att f\u00f6retaget skall n\u00e5 sina resultatm\u00e5l. Fungerar era HR processer och \u00e4r de effektiva och fyller sin funktion? En HR revision \u00e4r ett systematiskt s\u00e4tt att se \u00f6ver HR funktionen, dess processer, rutiner, strategi och prioriteringar. Det \u00e4r ett [&hellip;]<\/p>\n","protected":false},"author":1,"featured_media":0,"parent":0,"menu_order":0,"comment_status":"closed","ping_status":"closed","template":"","meta":{"site-sidebar-layout":"no-sidebar","site-content-layout":"page-builder","ast-site-content-layout":"default","site-content-style":"default","site-sidebar-style":"default","ast-global-header-display":"","ast-banner-title-visibility":"","ast-main-header-display":"","ast-hfb-above-header-display":"","ast-hfb-below-header-display":"","ast-hfb-mobile-header-display":"","site-post-title":"disabled","ast-breadcrumbs-content":"","ast-featured-img":"disabled","footer-sml-layout":"","theme-transparent-header-meta":"enabled","adv-header-id-meta":"","stick-header-meta":"","header-above-stick-meta":"","header-main-stick-meta":"","header-below-stick-meta":"","astra-migrate-meta-layouts":"default","ast-page-background-enabled":"default","ast-page-background-meta":{"desktop":{"background-color":"","background-image":"","background-repeat":"repeat","background-position":"center center","background-size":"auto","background-attachment":"scroll","background-type":"","background-media":"","overlay-type":"","overlay-color":"","overlay-opacity":"","overlay-gradient":""},"tablet":{"background-color":"","background-image":"","background-repeat":"repeat","background-position":"center center","background-size":"auto","background-attachment":"scroll","background-type":"","background-media":"","overlay-type":"","overlay-color":"","overlay-opacity":"","overlay-gradient":""},"mobile":{"background-color":"","background-image":"","background-repeat":"repeat","background-position":"center center","background-size":"auto","background-attachment":"scroll","background-type":"","background-media":"","overlay-type":"","overlay-color":"","overlay-opacity":"","overlay-gradient":""}},"ast-content-background-meta":{"desktop":{"background-color":"var(--ast-global-color-5)","background-image":"","background-repeat":"repeat","background-position":"center center","background-size":"auto","background-attachment":"scroll","background-type":"","background-media":"","overlay-type":"","overlay-color":"","overlay-opacity":"","overlay-gradient":""},"tablet":{"background-color":"var(--ast-global-color-5)","background-image":"","background-repeat":"repeat","background-position":"center center","background-size":"auto","background-attachment":"scroll","background-type":"","background-media":"","overlay-type":"","overlay-color":"","overlay-opacity":"","overlay-gradient":""},"mobile":{"background-color":"var(--ast-global-color-5)","background-image":"","background-repeat":"repeat","background-position":"center center","background-size":"auto","background-attachment":"scroll","background-type":"","background-media":"","overlay-type":"","overlay-color":"","overlay-opacity":"","overlay-gradient":""}},"footnotes":""},"class_list":["post-1219","page","type-page","status-publish","hentry"],"_links":{"self":[{"href":"https:\/\/hrmsolutions.se\/en\/wp-json\/wp\/v2\/pages\/1219","targetHints":{"allow":["GET"]}}],"collection":[{"href":"https:\/\/hrmsolutions.se\/en\/wp-json\/wp\/v2\/pages"}],"about":[{"href":"https:\/\/hrmsolutions.se\/en\/wp-json\/wp\/v2\/types\/page"}],"author":[{"embeddable":true,"href":"https:\/\/hrmsolutions.se\/en\/wp-json\/wp\/v2\/users\/1"}],"replies":[{"embeddable":true,"href":"https:\/\/hrmsolutions.se\/en\/wp-json\/wp\/v2\/comments?post=1219"}],"version-history":[{"count":4,"href":"https:\/\/hrmsolutions.se\/en\/wp-json\/wp\/v2\/pages\/1219\/revisions"}],"predecessor-version":[{"id":1223,"href":"https:\/\/hrmsolutions.se\/en\/wp-json\/wp\/v2\/pages\/1219\/revisions\/1223"}],"wp:attachment":[{"href":"https:\/\/hrmsolutions.se\/en\/wp-json\/wp\/v2\/media?parent=1219"}],"curies":[{"name":"wp","href":"https:\/\/api.w.org\/{rel}","templated":true}]}}