{"id":534,"date":"2023-09-24T05:26:52","date_gmt":"2023-09-24T05:26:52","guid":{"rendered":"https:\/\/hrmsolutions.se\/about\/"},"modified":"2023-10-30T17:20:57","modified_gmt":"2023-10-30T17:20:57","slug":"om-oss","status":"publish","type":"page","link":"https:\/\/hrmsolutions.se\/en\/om-oss\/","title":{"rendered":"About us"},"content":{"rendered":"<div data-elementor-type=\"wp-page\" data-elementor-id=\"534\" class=\"elementor elementor-534\">\n\t\t\t\t<div class=\"elementor-element elementor-element-03164db e-flex e-con-boxed e-con e-parent\" data-id=\"03164db\" data-element_type=\"container\" data-e-type=\"container\" data-settings=\"{&quot;background_background&quot;:&quot;classic&quot;}\">\n\t\t\t\t\t<div class=\"e-con-inner\">\n\t\t<div class=\"elementor-element elementor-element-6beedda e-con-full e-flex e-con e-child\" data-id=\"6beedda\" data-element_type=\"container\" data-e-type=\"container\">\n\t\t\t\t<div class=\"elementor-element elementor-element-35bb9eb elementor-widget elementor-widget-heading\" data-id=\"35bb9eb\" data-element_type=\"widget\" data-e-type=\"widget\" data-widget_type=\"heading.default\">\n\t\t\t\t<div class=\"elementor-widget-container\">\n\t\t\t\t\t<h1 class=\"elementor-heading-title elementor-size-default\">About us<\/h1>\t\t\t\t<\/div>\n\t\t\t\t<\/div>\n\t\t\t\t<\/div>\n\t\t\t\t\t<\/div>\n\t\t\t\t<\/div>\n\t\t<div class=\"elementor-element elementor-element-d5507f8 e-flex e-con-boxed e-con e-parent\" data-id=\"d5507f8\" data-element_type=\"container\" data-e-type=\"container\" data-settings=\"{&quot;background_background&quot;:&quot;classic&quot;}\">\n\t\t\t\t\t<div class=\"e-con-inner\">\n\t\t<div class=\"elementor-element elementor-element-bb559e4 e-con-full e-flex e-con e-child\" data-id=\"bb559e4\" data-element_type=\"container\" data-e-type=\"container\">\n\t\t<div class=\"elementor-element elementor-element-a59ba59 e-con-full e-flex e-con e-child\" data-id=\"a59ba59\" data-element_type=\"container\" data-e-type=\"container\">\n\t\t<div class=\"elementor-element elementor-element-7e32d2c e-con-full e-flex e-con e-child\" data-id=\"7e32d2c\" data-element_type=\"container\" data-e-type=\"container\">\n\t\t\t\t<div class=\"elementor-element elementor-element-972d329 elementor-widget elementor-widget-heading\" data-id=\"972d329\" data-element_type=\"widget\" data-e-type=\"widget\" data-widget_type=\"heading.default\">\n\t\t\t\t<div class=\"elementor-widget-container\">\n\t\t\t\t\t<h3 class=\"elementor-heading-title elementor-size-default\">Why choose hrm \u2013 human resources management solutions\n<\/h3>\t\t\t\t<\/div>\n\t\t\t\t<\/div>\n\t\t\t\t<div class=\"elementor-element elementor-element-cc64c04 elementor-widget elementor-widget-text-editor\" data-id=\"cc64c04\" data-element_type=\"widget\" data-e-type=\"widget\" data-widget_type=\"text-editor.default\">\n\t\t\t\t<div class=\"elementor-widget-container\">\n\t\t\t\t\t\t\t\t\t<p>hrm solutions works with strategic and operational issues, offering cost-efficient solutions built on the right input at the right time.<\/p>\t\t\t\t\t\t\t\t<\/div>\n\t\t\t\t<\/div>\n\t\t\t\t<\/div>\n\t\t<div class=\"elementor-element elementor-element-04b8476 e-con-full e-flex e-con e-child\" data-id=\"04b8476\" data-element_type=\"container\" data-e-type=\"container\">\n\t\t\t\t<div class=\"elementor-element elementor-element-e990dde elementor-widget__width-initial elementor-widget elementor-widget-image\" data-id=\"e990dde\" data-element_type=\"widget\" data-e-type=\"widget\" data-widget_type=\"image.default\">\n\t\t\t\t<div class=\"elementor-widget-container\">\n\t\t\t\t\t\t\t\t\t\t\t\t\t\t\t<img fetchpriority=\"high\" decoding=\"async\" width=\"555\" height=\"784\" src=\"https:\/\/hrmsolutions.se\/wp-content\/uploads\/2023\/10\/konsult_ulrika.webp\" class=\"attachment-full size-full wp-image-1251\" alt=\"ulrika\" srcset=\"https:\/\/hrmsolutions.se\/wp-content\/uploads\/2023\/10\/konsult_ulrika.webp 555w, https:\/\/hrmsolutions.se\/wp-content\/uploads\/2023\/10\/konsult_ulrika-212x300.webp 212w, https:\/\/hrmsolutions.se\/wp-content\/uploads\/2023\/10\/konsult_ulrika-8x12.webp 8w\" sizes=\"(max-width: 555px) 100vw, 555px\" \/>\t\t\t\t\t\t\t\t\t\t\t\t\t\t\t<\/div>\n\t\t\t\t<\/div>\n\t\t\t\t<\/div>\n\t\t\t\t<\/div>\n\t\t\t\t<div class=\"elementor-element elementor-element-9ef446e elementor-widget elementor-widget-heading\" data-id=\"9ef446e\" data-element_type=\"widget\" data-e-type=\"widget\" data-widget_type=\"heading.default\">\n\t\t\t\t<div class=\"elementor-widget-container\">\n\t\t\t\t\t<h4 class=\"elementor-heading-title elementor-size-default\">Consultant information<\/h4>\t\t\t\t<\/div>\n\t\t\t\t<\/div>\n\t\t\t\t<div class=\"elementor-element elementor-element-d8e7af5 elementor-widget elementor-widget-text-editor\" data-id=\"d8e7af5\" data-element_type=\"widget\" data-e-type=\"widget\" data-widget_type=\"text-editor.default\">\n\t\t\t\t<div class=\"elementor-widget-container\">\n\t\t\t\t\t\t\t\t\t<p>Ulrika Wahll\u00f6f Bj\u00f6rk has solid experience in HR from different industries and segments. She has held senior management positions within HR for many years with global responsibility for strategic and operational HR work. Her previous employers and clients include a number of listed Swedish companies. She also has extensive experience as an independent HR consultant.\u00a0<\/p>\t\t\t\t\t\t\t\t<\/div>\n\t\t\t\t<\/div>\n\t\t<div class=\"elementor-element elementor-element-7a82b34 elementor-hidden-desktop elementor-hidden-tablet elementor-hidden-mobile e-flex e-con-boxed e-con e-child\" data-id=\"7a82b34\" data-element_type=\"container\" data-e-type=\"container\" data-settings=\"{&quot;background_background&quot;:&quot;classic&quot;}\">\n\t\t\t\t\t<div class=\"e-con-inner\">\n\t\t<div class=\"elementor-element elementor-element-bcd62e8 e-con-full e-flex e-con e-child\" data-id=\"bcd62e8\" data-element_type=\"container\" data-e-type=\"container\">\n\t\t\t\t<div class=\"elementor-element elementor-element-5f94973 elementor-widget elementor-widget-heading\" data-id=\"5f94973\" data-element_type=\"widget\" data-e-type=\"widget\" data-widget_type=\"heading.default\">\n\t\t\t\t<div class=\"elementor-widget-container\">\n\t\t\t\t\t<h6 class=\"elementor-heading-title elementor-size-default\">A selection of our clients<\/h6>\t\t\t\t<\/div>\n\t\t\t\t<\/div>\n\t\t<div class=\"elementor-element elementor-element-1f42e1f e-con-full e-flex e-con e-child\" data-id=\"1f42e1f\" data-element_type=\"container\" data-e-type=\"container\">\n\t\t<div class=\"elementor-element elementor-element-e470234 e-con-full e-flex e-con e-child\" data-id=\"e470234\" data-element_type=\"container\" data-e-type=\"container\">\n\t\t\t\t<div class=\"elementor-element elementor-element-6912e32 elementor-widget elementor-widget-image\" data-id=\"6912e32\" data-element_type=\"widget\" data-e-type=\"widget\" data-widget_type=\"image.default\">\n\t\t\t\t<div class=\"elementor-widget-container\">\n\t\t\t\t\t\t\t\t\t\t\t\t\t\t\t<img decoding=\"async\" width=\"340\" height=\"248\" src=\"https:\/\/hrmsolutions.se\/wp-content\/uploads\/2023\/10\/vattenfall_ny_logo.jpg\" class=\"attachment-full size-full wp-image-1171\" alt=\"vattenfall logo\" srcset=\"https:\/\/hrmsolutions.se\/wp-content\/uploads\/2023\/10\/vattenfall_ny_logo.jpg 340w, https:\/\/hrmsolutions.se\/wp-content\/uploads\/2023\/10\/vattenfall_ny_logo-300x219.jpg 300w, https:\/\/hrmsolutions.se\/wp-content\/uploads\/2023\/10\/vattenfall_ny_logo-16x12.jpg 16w\" sizes=\"(max-width: 340px) 100vw, 340px\" \/>\t\t\t\t\t\t\t\t\t\t\t\t\t\t\t<\/div>\n\t\t\t\t<\/div>\n\t\t\t\t<\/div>\n\t\t<div class=\"elementor-element elementor-element-f0ee42f e-con-full e-flex e-con e-child\" data-id=\"f0ee42f\" data-element_type=\"container\" data-e-type=\"container\">\n\t\t\t\t<div class=\"elementor-element elementor-element-9e6c7a0 elementor-widget elementor-widget-image\" data-id=\"9e6c7a0\" data-element_type=\"widget\" data-e-type=\"widget\" data-widget_type=\"image.default\">\n\t\t\t\t<div class=\"elementor-widget-container\">\n\t\t\t\t\t\t\t\t\t\t\t\t\t\t\t<img decoding=\"async\" width=\"336\" height=\"149\" src=\"https:\/\/hrmsolutions.se\/wp-content\/uploads\/2023\/10\/B3-consulting-group.jpg\" class=\"attachment-full size-full wp-image-1170\" alt=\"b3\" srcset=\"https:\/\/hrmsolutions.se\/wp-content\/uploads\/2023\/10\/B3-consulting-group.jpg 336w, https:\/\/hrmsolutions.se\/wp-content\/uploads\/2023\/10\/B3-consulting-group-300x133.jpg 300w, https:\/\/hrmsolutions.se\/wp-content\/uploads\/2023\/10\/B3-consulting-group-18x8.jpg 18w\" sizes=\"(max-width: 336px) 100vw, 336px\" \/>\t\t\t\t\t\t\t\t\t\t\t\t\t\t\t<\/div>\n\t\t\t\t<\/div>\n\t\t\t\t<\/div>\n\t\t<div class=\"elementor-element elementor-element-c43fb75 e-con-full e-flex e-con e-child\" data-id=\"c43fb75\" data-element_type=\"container\" data-e-type=\"container\">\n\t\t\t\t<div class=\"elementor-element elementor-element-b011e9d elementor-widget elementor-widget-image\" data-id=\"b011e9d\" data-element_type=\"widget\" data-e-type=\"widget\" data-widget_type=\"image.default\">\n\t\t\t\t<div class=\"elementor-widget-container\">\n\t\t\t\t\t\t\t\t\t\t\t\t\t\t\t<img loading=\"lazy\" decoding=\"async\" width=\"2560\" height=\"559\" src=\"https:\/\/hrmsolutions.se\/wp-content\/uploads\/2023\/10\/IF_logga-scaled.jpg\" class=\"attachment-full size-full wp-image-1169\" alt=\"Industrifonden\" srcset=\"https:\/\/hrmsolutions.se\/wp-content\/uploads\/2023\/10\/IF_logga-scaled.jpg 2560w, https:\/\/hrmsolutions.se\/wp-content\/uploads\/2023\/10\/IF_logga-300x65.jpg 300w, https:\/\/hrmsolutions.se\/wp-content\/uploads\/2023\/10\/IF_logga-1024x224.jpg 1024w, https:\/\/hrmsolutions.se\/wp-content\/uploads\/2023\/10\/IF_logga-768x168.jpg 768w, https:\/\/hrmsolutions.se\/wp-content\/uploads\/2023\/10\/IF_logga-1536x335.jpg 1536w, https:\/\/hrmsolutions.se\/wp-content\/uploads\/2023\/10\/IF_logga-2048x447.jpg 2048w, https:\/\/hrmsolutions.se\/wp-content\/uploads\/2023\/10\/IF_logga-18x4.jpg 18w\" sizes=\"(max-width: 2560px) 100vw, 2560px\" \/>\t\t\t\t\t\t\t\t\t\t\t\t\t\t\t<\/div>\n\t\t\t\t<\/div>\n\t\t\t\t<\/div>\n\t\t<div class=\"elementor-element elementor-element-45d5466 e-con-full e-flex e-con e-child\" data-id=\"45d5466\" data-element_type=\"container\" data-e-type=\"container\">\n\t\t\t\t<div class=\"elementor-element elementor-element-1bf687d elementor-widget elementor-widget-image\" data-id=\"1bf687d\" data-element_type=\"widget\" data-e-type=\"widget\" data-widget_type=\"image.default\">\n\t\t\t\t<div class=\"elementor-widget-container\">\n\t\t\t\t\t\t\t\t\t\t\t\t\t\t\t<img loading=\"lazy\" decoding=\"async\" width=\"126\" height=\"47\" src=\"https:\/\/hrmsolutions.se\/wp-content\/uploads\/2023\/10\/Studsvik_logo_CMYK.gif\" class=\"attachment-full size-full wp-image-1166\" alt=\"studsvik\" srcset=\"https:\/\/hrmsolutions.se\/wp-content\/uploads\/2023\/10\/Studsvik_logo_CMYK.gif 126w, https:\/\/hrmsolutions.se\/wp-content\/uploads\/2023\/10\/Studsvik_logo_CMYK-18x7.gif 18w\" sizes=\"(max-width: 126px) 100vw, 126px\" \/>\t\t\t\t\t\t\t\t\t\t\t\t\t\t\t<\/div>\n\t\t\t\t<\/div>\n\t\t\t\t<\/div>\n\t\t<div class=\"elementor-element elementor-element-4430243 e-con-full e-flex e-con e-child\" data-id=\"4430243\" data-element_type=\"container\" data-e-type=\"container\">\n\t\t\t\t<div class=\"elementor-element elementor-element-52fd961 elementor-widget elementor-widget-image\" data-id=\"52fd961\" data-element_type=\"widget\" data-e-type=\"widget\" data-widget_type=\"image.default\">\n\t\t\t\t<div class=\"elementor-widget-container\">\n\t\t\t\t\t\t\t\t\t\t\t\t\t\t\t<img loading=\"lazy\" decoding=\"async\" width=\"150\" height=\"68\" src=\"https:\/\/hrmsolutions.se\/wp-content\/uploads\/2023\/10\/logo_rgb_notagline_memira_150px.jpg\" class=\"attachment-full size-full wp-image-1167\" alt=\"memira\" srcset=\"https:\/\/hrmsolutions.se\/wp-content\/uploads\/2023\/10\/logo_rgb_notagline_memira_150px.jpg 150w, https:\/\/hrmsolutions.se\/wp-content\/uploads\/2023\/10\/logo_rgb_notagline_memira_150px-18x8.jpg 18w\" sizes=\"(max-width: 150px) 100vw, 150px\" \/>\t\t\t\t\t\t\t\t\t\t\t\t\t\t\t<\/div>\n\t\t\t\t<\/div>\n\t\t\t\t<\/div>\n\t\t<div class=\"elementor-element elementor-element-115ecc0 e-con-full e-flex e-con e-child\" data-id=\"115ecc0\" data-element_type=\"container\" data-e-type=\"container\">\n\t\t\t\t<div class=\"elementor-element elementor-element-dde83d3 elementor-widget elementor-widget-image\" data-id=\"dde83d3\" data-element_type=\"widget\" data-e-type=\"widget\" data-widget_type=\"image.default\">\n\t\t\t\t<div class=\"elementor-widget-container\">\n\t\t\t\t\t\t\t\t\t\t\t\t\t\t\t<img loading=\"lazy\" decoding=\"async\" width=\"149\" height=\"49\" src=\"https:\/\/hrmsolutions.se\/wp-content\/uploads\/2023\/10\/Swedavia_logga.jpg\" class=\"attachment-full size-full wp-image-1163\" alt=\"swdavia\" srcset=\"https:\/\/hrmsolutions.se\/wp-content\/uploads\/2023\/10\/Swedavia_logga.jpg 149w, https:\/\/hrmsolutions.se\/wp-content\/uploads\/2023\/10\/Swedavia_logga-18x6.jpg 18w\" sizes=\"(max-width: 149px) 100vw, 149px\" \/>\t\t\t\t\t\t\t\t\t\t\t\t\t\t\t<\/div>\n\t\t\t\t<\/div>\n\t\t\t\t<\/div>\n\t\t\t\t<\/div>\n\t\t<div class=\"elementor-element elementor-element-971bb4b e-con-full e-flex e-con e-child\" data-id=\"971bb4b\" data-element_type=\"container\" data-e-type=\"container\">\n\t\t<div class=\"elementor-element elementor-element-1b9a4aa e-con-full e-flex e-con e-child\" data-id=\"1b9a4aa\" data-element_type=\"container\" data-e-type=\"container\">\n\t\t\t\t<div class=\"elementor-element elementor-element-b7f9207 elementor-widget elementor-widget-image\" data-id=\"b7f9207\" data-element_type=\"widget\" data-e-type=\"widget\" data-widget_type=\"image.default\">\n\t\t\t\t<div class=\"elementor-widget-container\">\n\t\t\t\t\t\t\t\t\t\t\t\t\t\t\t<img loading=\"lazy\" decoding=\"async\" width=\"165\" height=\"35\" src=\"https:\/\/hrmsolutions.se\/wp-content\/uploads\/2023\/10\/Teknoplan_logga.jpg\" class=\"attachment-full size-full wp-image-1164\" alt=\"Teknoplan\" srcset=\"https:\/\/hrmsolutions.se\/wp-content\/uploads\/2023\/10\/Teknoplan_logga.jpg 165w, https:\/\/hrmsolutions.se\/wp-content\/uploads\/2023\/10\/Teknoplan_logga-18x4.jpg 18w\" sizes=\"(max-width: 165px) 100vw, 165px\" \/>\t\t\t\t\t\t\t\t\t\t\t\t\t\t\t<\/div>\n\t\t\t\t<\/div>\n\t\t\t\t<\/div>\n\t\t<div class=\"elementor-element elementor-element-ef51948 e-con-full e-flex e-con e-child\" data-id=\"ef51948\" data-element_type=\"container\" data-e-type=\"container\">\n\t\t\t\t<div class=\"elementor-element elementor-element-8b737da elementor-widget elementor-widget-image\" data-id=\"8b737da\" data-element_type=\"widget\" data-e-type=\"widget\" data-widget_type=\"image.default\">\n\t\t\t\t<div class=\"elementor-widget-container\">\n\t\t\t\t\t\t\t\t\t\t\t\t\t\t\t<img loading=\"lazy\" decoding=\"async\" width=\"412\" height=\"219\" src=\"https:\/\/hrmsolutions.se\/wp-content\/uploads\/2023\/10\/Monster-under-logo2_CMYK_ai10.jpg\" class=\"attachment-full size-full wp-image-1165\" alt=\"\" srcset=\"https:\/\/hrmsolutions.se\/wp-content\/uploads\/2023\/10\/Monster-under-logo2_CMYK_ai10.jpg 412w, https:\/\/hrmsolutions.se\/wp-content\/uploads\/2023\/10\/Monster-under-logo2_CMYK_ai10-300x159.jpg 300w, https:\/\/hrmsolutions.se\/wp-content\/uploads\/2023\/10\/Monster-under-logo2_CMYK_ai10-18x10.jpg 18w\" sizes=\"(max-width: 412px) 100vw, 412px\" \/>\t\t\t\t\t\t\t\t\t\t\t\t\t\t\t<\/div>\n\t\t\t\t<\/div>\n\t\t\t\t<\/div>\n\t\t<div class=\"elementor-element elementor-element-c05ffd4 e-con-full e-flex e-con e-child\" data-id=\"c05ffd4\" data-element_type=\"container\" data-e-type=\"container\">\n\t\t\t\t<div class=\"elementor-element elementor-element-ab2dcbc elementor-widget elementor-widget-image\" data-id=\"ab2dcbc\" data-element_type=\"widget\" data-e-type=\"widget\" data-widget_type=\"image.default\">\n\t\t\t\t<div class=\"elementor-widget-container\">\n\t\t\t\t\t\t\t\t\t\t\t\t\t\t\t<img loading=\"lazy\" decoding=\"async\" width=\"55\" height=\"55\" src=\"https:\/\/hrmsolutions.se\/wp-content\/uploads\/2023\/10\/SNS_logga.jpg\" class=\"attachment-full size-full wp-image-1162\" alt=\"sns\" srcset=\"https:\/\/hrmsolutions.se\/wp-content\/uploads\/2023\/10\/SNS_logga.jpg 55w, https:\/\/hrmsolutions.se\/wp-content\/uploads\/2023\/10\/SNS_logga-12x12.jpg 12w\" sizes=\"(max-width: 55px) 100vw, 55px\" \/>\t\t\t\t\t\t\t\t\t\t\t\t\t\t\t<\/div>\n\t\t\t\t<\/div>\n\t\t\t\t<\/div>\n\t\t<div class=\"elementor-element elementor-element-556f347 e-con-full e-flex e-con e-child\" data-id=\"556f347\" data-element_type=\"container\" data-e-type=\"container\">\n\t\t\t\t<div class=\"elementor-element elementor-element-0ef6dde elementor-widget elementor-widget-image\" data-id=\"0ef6dde\" data-element_type=\"widget\" data-e-type=\"widget\" data-widget_type=\"image.default\">\n\t\t\t\t<div class=\"elementor-widget-container\">\n\t\t\t\t\t\t\t\t\t\t\t\t\t\t\t<img loading=\"lazy\" decoding=\"async\" width=\"55\" height=\"75\" src=\"https:\/\/hrmsolutions.se\/wp-content\/uploads\/2023\/10\/Q-tema_logga.jpg\" class=\"attachment-full size-full wp-image-1161\" alt=\"q-tema\" srcset=\"https:\/\/hrmsolutions.se\/wp-content\/uploads\/2023\/10\/Q-tema_logga.jpg 55w, https:\/\/hrmsolutions.se\/wp-content\/uploads\/2023\/10\/Q-tema_logga-9x12.jpg 9w\" sizes=\"(max-width: 55px) 100vw, 55px\" \/>\t\t\t\t\t\t\t\t\t\t\t\t\t\t\t<\/div>\n\t\t\t\t<\/div>\n\t\t\t\t<\/div>\n\t\t<div class=\"elementor-element elementor-element-ea01616 e-con-full e-flex e-con e-child\" data-id=\"ea01616\" data-element_type=\"container\" data-e-type=\"container\">\n\t\t\t\t<div class=\"elementor-element elementor-element-d8b96a7 elementor-widget elementor-widget-image\" data-id=\"d8b96a7\" data-element_type=\"widget\" data-e-type=\"widget\" data-widget_type=\"image.default\">\n\t\t\t\t<div class=\"elementor-widget-container\">\n\t\t\t\t\t\t\t\t\t\t\t\t\t\t\t<img loading=\"lazy\" decoding=\"async\" width=\"99\" height=\"79\" src=\"https:\/\/hrmsolutions.se\/wp-content\/uploads\/2023\/10\/Menigo_logga.jpg\" class=\"attachment-full size-full wp-image-1160\" alt=\"menigo\" srcset=\"https:\/\/hrmsolutions.se\/wp-content\/uploads\/2023\/10\/Menigo_logga.jpg 99w, https:\/\/hrmsolutions.se\/wp-content\/uploads\/2023\/10\/Menigo_logga-15x12.jpg 15w\" sizes=\"(max-width: 99px) 100vw, 99px\" \/>\t\t\t\t\t\t\t\t\t\t\t\t\t\t\t<\/div>\n\t\t\t\t<\/div>\n\t\t\t\t<\/div>\n\t\t<div class=\"elementor-element elementor-element-59d7a2d e-con-full e-flex e-con e-child\" data-id=\"59d7a2d\" data-element_type=\"container\" data-e-type=\"container\">\n\t\t\t\t<div class=\"elementor-element elementor-element-4bb9ab9 elementor-widget elementor-widget-image\" data-id=\"4bb9ab9\" data-element_type=\"widget\" data-e-type=\"widget\" data-widget_type=\"image.default\">\n\t\t\t\t<div class=\"elementor-widget-container\">\n\t\t\t\t\t\t\t\t\t\t\t\t\t\t\t<img loading=\"lazy\" decoding=\"async\" width=\"145\" height=\"30\" src=\"https:\/\/hrmsolutions.se\/wp-content\/uploads\/2023\/10\/Empower_logga.jpg\" class=\"attachment-full size-full wp-image-1159\" alt=\"empower\" srcset=\"https:\/\/hrmsolutions.se\/wp-content\/uploads\/2023\/10\/Empower_logga.jpg 145w, https:\/\/hrmsolutions.se\/wp-content\/uploads\/2023\/10\/Empower_logga-18x4.jpg 18w\" sizes=\"(max-width: 145px) 100vw, 145px\" \/>\t\t\t\t\t\t\t\t\t\t\t\t\t\t\t<\/div>\n\t\t\t\t<\/div>\n\t\t\t\t<\/div>\n\t\t\t\t<\/div>\n\t\t\t\t<\/div>\n\t\t\t\t\t<\/div>\n\t\t\t\t<\/div>\n\t\t\t\t<\/div>\n\t\t\t\t\t<\/div>\n\t\t\t\t<\/div>\n\t\t\t\t<\/div>","protected":false},"excerpt":{"rendered":"<p>Om oss Varf\u00f6r v\u00e4lja hrm \u2013 human resources management solutions? hrm solutions arbetar med b\u00e5de strategiska och operativa fr\u00e5gor samt erbjuder kostnadseffektiva l\u00f6sningar som bygger p\u00e5 r\u00e4tt insats vid r\u00e4tt tidpunkt. Konsultprofil Ulrika Wahll\u00f6f Bj\u00f6rk har en gedigen erfarenhet av HR arbete inom olika branscher och segment. Hon har under m\u00e5nga \u00e5r haft ledande chefsbefattningar [&hellip;]<\/p>\n","protected":false},"author":1,"featured_media":0,"parent":0,"menu_order":0,"comment_status":"closed","ping_status":"closed","template":"","meta":{"site-sidebar-layout":"no-sidebar","site-content-layout":"page-builder","ast-site-content-layout":"default","site-content-style":"default","site-sidebar-style":"default","ast-global-header-display":"","ast-banner-title-visibility":"","ast-main-header-display":"","ast-hfb-above-header-display":"","ast-hfb-below-header-display":"","ast-hfb-mobile-header-display":"","site-post-title":"disabled","ast-breadcrumbs-content":"","ast-featured-img":"disabled","footer-sml-layout":"","theme-transparent-header-meta":"enabled","adv-header-id-meta":"","stick-header-meta":"","header-above-stick-meta":"","header-main-stick-meta":"","header-below-stick-meta":"","astra-migrate-meta-layouts":"default","ast-page-background-enabled":"default","ast-page-background-meta":{"desktop":{"background-color":"","background-image":"","background-repeat":"repeat","background-position":"center center","background-size":"auto","background-attachment":"scroll","background-type":"","background-media":"","overlay-type":"","overlay-color":"","overlay-opacity":"","overlay-gradient":""},"tablet":{"background-color":"","background-image":"","background-repeat":"repeat","background-position":"center center","background-size":"auto","background-attachment":"scroll","background-type":"","background-media":"","overlay-type":"","overlay-color":"","overlay-opacity":"","overlay-gradient":""},"mobile":{"background-color":"","background-image":"","background-repeat":"repeat","background-position":"center center","background-size":"auto","background-attachment":"scroll","background-type":"","background-media":"","overlay-type":"","overlay-color":"","overlay-opacity":"","overlay-gradient":""}},"ast-content-background-meta":{"desktop":{"background-color":"var(--ast-global-color-5)","background-image":"","background-repeat":"repeat","background-position":"center center","background-size":"auto","background-attachment":"scroll","background-type":"","background-media":"","overlay-type":"","overlay-color":"","overlay-opacity":"","overlay-gradient":""},"tablet":{"background-color":"var(--ast-global-color-5)","background-image":"","background-repeat":"repeat","background-position":"center center","background-size":"auto","background-attachment":"scroll","background-type":"","background-media":"","overlay-type":"","overlay-color":"","overlay-opacity":"","overlay-gradient":""},"mobile":{"background-color":"var(--ast-global-color-5)","background-image":"","background-repeat":"repeat","background-position":"center center","background-size":"auto","background-attachment":"scroll","background-type":"","background-media":"","overlay-type":"","overlay-color":"","overlay-opacity":"","overlay-gradient":""}},"footnotes":""},"class_list":["post-534","page","type-page","status-publish","hentry"],"_links":{"self":[{"href":"https:\/\/hrmsolutions.se\/en\/wp-json\/wp\/v2\/pages\/534","targetHints":{"allow":["GET"]}}],"collection":[{"href":"https:\/\/hrmsolutions.se\/en\/wp-json\/wp\/v2\/pages"}],"about":[{"href":"https:\/\/hrmsolutions.se\/en\/wp-json\/wp\/v2\/types\/page"}],"author":[{"embeddable":true,"href":"https:\/\/hrmsolutions.se\/en\/wp-json\/wp\/v2\/users\/1"}],"replies":[{"embeddable":true,"href":"https:\/\/hrmsolutions.se\/en\/wp-json\/wp\/v2\/comments?post=534"}],"version-history":[{"count":20,"href":"https:\/\/hrmsolutions.se\/en\/wp-json\/wp\/v2\/pages\/534\/revisions"}],"predecessor-version":[{"id":1296,"href":"https:\/\/hrmsolutions.se\/en\/wp-json\/wp\/v2\/pages\/534\/revisions\/1296"}],"wp:attachment":[{"href":"https:\/\/hrmsolutions.se\/en\/wp-json\/wp\/v2\/media?parent=534"}],"curies":[{"name":"wp","href":"https:\/\/api.w.org\/{rel}","templated":true}]}}